{"id":18,"date":"2025-07-23T22:37:01","date_gmt":"2025-07-23T22:37:01","guid":{"rendered":"https:\/\/www.cybersolucionescol.com\/?page_id=18"},"modified":"2025-08-30T01:03:05","modified_gmt":"2025-08-30T01:03:05","slug":"servicios-de-hacking","status":"publish","type":"page","link":"https:\/\/www.cybersolucionescol.com\/en\/servicios-de-hacking\/","title":{"rendered":"servicios-de-hacking"},"content":{"rendered":"<div data-elementor-type=\"wp-page\" data-elementor-id=\"18\" class=\"elementor elementor-18\">\n\t\t\t\t<div class=\"elementor-element elementor-element-cb0aa4d e-flex e-con-boxed e-con e-parent\" data-id=\"cb0aa4d\" data-element_type=\"container\" data-e-type=\"container\">\n\t\t\t\t\t<div class=\"e-con-inner\">\n\t\t\t\t<div class=\"elementor-element elementor-element-b5506b2 elementor-widget elementor-widget-html\" data-id=\"b5506b2\" data-element_type=\"widget\" data-e-type=\"widget\" data-widget_type=\"html.default\">\n\t\t\t\t\t<div class=\"bloque-enlaces\" style=\"background-color: #0a0c11; color: white; font-family: 'Segoe UI', sans-serif; padding: 10px 20px 40px 20px; max-width: 1100px; margin: 0 auto 0 auto; border-radius: 10px;\">\r\n  <h1 style=\"font-size: 1.8em; margin-bottom: 12px; text-align: center; font-weight: bold;\">SERVICES OF HACKING<\/h1>\r\n  <p style=\"text-align:center; margin-bottom:28px; color:#cccccc; font-size:1.05em; max-width:650px; margin-left:auto; margin-right:auto;\">\r\n    Access to our advanced services for account recovery, data modification, disposal, reporting, and more. Select the service you need and get a quick and professional.\r\n  <\/p>\r\n  <div style=\"display: grid; grid-template-columns: repeat(auto-fit, minmax(250px, 1fr)); gap: 20px;\">\r\n    <a href=\"\/en\/como-hackear-whatsapp\/\" style=\"display: block; background-color: #1a1d25; padding: 20px; border-radius: 12px; text-decoration: none; color: white; font-weight: 600; text-align: center;\">\ud83d\udcf2 How to hack WhatsApp<\/a>\r\n    <a href=\"\/en\/como-recuperar-cuenta-facebook\/\" style=\"display: block; background-color: #1a1d25; padding: 20px; border-radius: 12px; text-decoration: none; color: white; font-weight: 600; text-align: center;\">\ud83d\udcd8 How to hack Facebook<\/a>\r\n    <a href=\"\/en\/como-hackear-instagram\/\" style=\"display: block; background-color: #1a1d25; padding: 20px; border-radius: 12px; text-decoration: none; color: white; font-weight: 600; text-align: center;\">\ud83d\udcf7 How to hack Instagram<\/a>\r\n    <a href=\"\/en\/como-hackear-twitter\/\" style=\"display: block; background-color: #1a1d25; padding: 20px; border-radius: 12px; text-decoration: none; color: white; font-weight: 600; text-align: center;\">\ud83d\udc26 How to hack Twitter<\/a>\r\n    <a href=\"\/en\/como-hackear-telegram\/\" style=\"display: block; background-color: #1a1d25; padding: 20px; border-radius: 12px; text-decoration: none; color: white; font-weight: 600; text-align: center;\">\u2709\ufe0f How to hack Telegram<\/a>\r\n    <a href=\"\/en\/como-hackear-correo-electronico\/\" style=\"display: block; background-color: #1a1d25; padding: 20px; border-radius: 12px; text-decoration: none; color: white; font-weight: 600; text-align: center;\">\ud83d\udce7 How to hack e-mail<\/a>\r\n    <a href=\"\/en\/como-hackear-android\/\" style=\"display: block; background-color: #1a1d25; padding: 20px; border-radius: 12px; text-decoration: none; color: white; font-weight: 600; text-align: center;\">\ud83d\udcf1 How to hack Android<\/a>\r\n    <a href=\"\/en\/como-recuperar-cuenta-iphone\/\" style=\"display: block; background-color: #1a1d25; padding: 20px; border-radius: 12px; text-decoration: none; color: white; font-weight: 600; text-align: center;\">\ud83c\udf4f How to hack iPhone\/iOS<\/a>\r\n    <a href=\"\/en\/como-borrar-reportes-datacredito\/\" style=\"display: block; background-color: #252934; padding: 20px; border-radius: 12px; text-decoration: none; color: white; font-weight: 600; text-align: center;\">\ud83d\udcb3 How to Delete reports Datacr\u00e9dito<\/a>\r\n    <a href=\"\/en\/como-cambiar-notas-universidad\/\" style=\"display: block; background-color: #252934; padding: 20px; border-radius: 12px; text-decoration: none; color: white; font-weight: 600; text-align: center;\">\ud83c\udf93 How to Change notes university<\/a>\r\n    <a href=\"\/en\/como-cambiar-puntaje-icfes\/\" style=\"display: block; background-color: #252934; padding: 20px; border-radius: 12px; text-decoration: none; color: white; font-weight: 600; text-align: center;\">\ud83d\udcc8 How to Change score ICFES<\/a>\r\n    <a href=\"\/en\/como-eliminar-multas-transito\/\" style=\"display: block; background-color: #252934; padding: 20px; border-radius: 12px; text-decoration: none; color: white; font-weight: 600; text-align: center;\">\ud83d\ude97 How to Remove fines traffic<\/a>\r\n    <a href=\"\/en\/que-es-un-hacker\/\" style=\"display: block; background-color: #252934; padding: 20px; border-radius: 12px; text-decoration: none; color: white; font-weight: 600; text-align: center;\">\ud83d\udca1 What is a hacker?<\/a>\r\n    <a href=\"\/en\/tipos-de-hacker\/\" style=\"display: block; background-color: #252934; padding: 20px; border-radius: 12px; text-decoration: none; color: white; font-weight: 600; text-align: center;\">\ud83e\udde0 Types of hacker<\/a>\r\n    <a href=\"\/en\/hacker-sombrero-blanco\/\" style=\"display: block; background-color: #252934; padding: 20px; border-radius: 12px; text-decoration: none; color: white; font-weight: 600; text-align: center;\">\ud83e\udd0d Hacker white hat<\/a>\r\n    <a href=\"\/en\/hacker-sombrero-negro\/\" style=\"display: block; background-color: #252934; padding: 20px; border-radius: 12px; text-decoration: none; color: white; font-weight: 600; text-align: center;\">\ud83d\udda4 Hacker black hat<\/a>\r\n    <a href=\"\/en\/hacker-sombrero-gris\/\" style=\"display: block; background-color: #252934; padding: 20px; border-radius: 12px; text-decoration: none; color: white; font-weight: 600; text-align: center;\">\u26aa Hacker hat gray<\/a>\r\n  <\/div>\r\n<\/div>\r\n\t\t\t\t<\/div>\n\t\t\t\t\t<\/div>\n\t\t\t\t<\/div>\n\t\t<div class=\"elementor-element elementor-element-e145cb6 e-flex e-con-boxed e-con e-parent\" data-id=\"e145cb6\" data-element_type=\"container\" data-e-type=\"container\">\n\t\t\t\t\t<div class=\"e-con-inner\">\n\t\t\t\t<div class=\"elementor-element elementor-element-cde425d elementor-widget elementor-widget-html\" data-id=\"cde425d\" data-element_type=\"widget\" data-e-type=\"widget\" data-widget_type=\"html.default\">\n\t\t\t\t\t<div id=\"logo-paneles-scope\">\r\n  <a href=\"\/en\/paneles-de-hacking\/\" class=\"logo-link\" aria-label=\"Ir a paneles de hacking\">\r\n    <img decoding=\"async\"\r\n      id=\"logoPaneles\"\r\n      src=\"https:\/\/www.cybersolucionescol.com\/wp-content\/uploads\/2025\/07\/logowebcsc.webp\"\r\n      alt=\"Servicios de hacking\"\r\n    >\r\n  <\/a>\r\n<\/div>\r\n\r\n<style>\r\n\r\n#logo-paneles-scope{\r\n\r\n  --logo-pc: 15%;     \r\n  --logo-mobile: 15%; \r\n  width: 100%;\r\n  text-align: center;\r\n}\r\n\r\n\r\n#logo-paneles-scope .logo-link{\r\n  display: inline-block !important; \r\n  width: auto !important;\r\n  height: auto !important;\r\n  padding: 0 !important;\r\n  margin: 0 !important;\r\n  border: 0 !important;\r\n  background: transparent !important;\r\n  line-height: 0;                   \r\n  text-decoration: none !important;  \r\n  position: relative;                \r\n}\r\n\r\n#logo-paneles-scope .logo-link::before,\r\n#logo-paneles-scope .logo-link::after{\r\n  content: none !important;\r\n  display: none !important;\r\n}\r\n\r\n\r\n#logo-paneles-scope img{\r\n  width: var(--logo-pc);\r\n  height: auto;\r\n  display: block !important;\r\n  margin-left: auto !important;\r\n  margin-right: auto !important;\r\n  border: none !important;\r\n  border-radius: 0 !important;\r\n}\r\n\r\n@media (max-width: 700px){\r\n  #logo-paneles-scope img{ width: var(--logo-mobile); }\r\n}\r\n<\/style>\r\n\t\t\t\t<\/div>\n\t\t\t\t\t<\/div>\n\t\t\t\t<\/div>\n\t\t<div class=\"elementor-element elementor-element-0716dec e-flex e-con-boxed e-con e-parent\" data-id=\"0716dec\" data-element_type=\"container\" data-e-type=\"container\">\n\t\t\t\t\t<div class=\"e-con-inner\">\n\t\t\t\t<div class=\"elementor-element elementor-element-4441261 elementor-widget elementor-widget-html\" data-id=\"4441261\" data-element_type=\"widget\" data-e-type=\"widget\" data-widget_type=\"html.default\">\n\t\t\t\t\t\r\n<div style=\"text-align: center; margin: 40px 0 0 0;\">\r\n  <h2 style=\"color: #fff; font-family: 'Poppins', Arial, sans-serif; font-size: 2.3em; font-weight: bold; margin: 0 0 10px 0;\">\r\n    Services of Hacking Professional\r\n  <\/h2>\r\n  <div style=\"color: #fff; font-family: 'Poppins', Arial, sans-serif; font-size: 1.17em; font-weight: bold; margin-bottom: 38px;\">\r\n    effective solutions, fair prices\r\n  <\/div>\r\n  <a href=\"\/en\/contacto\/\" \r\n     style=\"      display: inline-block;      background: linear-gradient(90deg,#153a94 0%, #1bbecf 100%);      color: #fff;      font-family: 'Poppins', Arial, sans-serif;      font-weight: bold;      font-size: 1.15em;      padding: 18px 60px;      border-radius: 38px;      text-decoration: none;      box-shadow: 0 2px 10px 0 #0002;      transition: none;      margin-top: 0;     \"\r\n    >Contact us<\/a>\r\n<\/div>\r\n\t\t\t\t<\/div>\n\t\t\t\t\t<\/div>\n\t\t\t\t<\/div>\n\t\t\t\t<\/div>","protected":false},"excerpt":{"rendered":"<p>SERVICIOS DE HACKING Accede a nuestros servicios avanzados para recuperaci\u00f3n de cuentas, modificaci\u00f3n de datos, eliminaci\u00f3n de reportes y m\u00e1s. [&hellip;]<\/p>\n","protected":false},"author":1,"featured_media":0,"parent":0,"menu_order":0,"comment_status":"closed","ping_status":"closed","template":"","meta":{"site-sidebar-layout":"no-sidebar","site-content-layout":"","ast-site-content-layout":"full-width-container","site-content-style":"default","site-sidebar-style":"default","ast-global-header-display":"","ast-banner-title-visibility":"","ast-main-header-display":"","ast-hfb-above-header-display":"","ast-hfb-below-header-display":"","ast-hfb-mobile-header-display":"","site-post-title":"disabled","ast-breadcrumbs-content":"","ast-featured-img":"disabled","footer-sml-layout":"","ast-disable-related-posts":"","theme-transparent-header-meta":"","adv-header-id-meta":"","stick-header-meta":"","header-above-stick-meta":"","header-main-stick-meta":"","header-below-stick-meta":"","astra-migrate-meta-layouts":"default","ast-page-background-enabled":"default","ast-page-background-meta":{"desktop":{"background-color":"var(--ast-global-color-5)","background-image":"","background-repeat":"repeat","background-position":"center center","background-size":"auto","background-attachment":"scroll","background-type":"","background-media":"","overlay-type":"","overlay-color":"","overlay-opacity":"","overlay-gradient":""},"tablet":{"background-color":"","background-image":"","background-repeat":"repeat","background-position":"center center","background-size":"auto","background-attachment":"scroll","background-type":"","background-media":"","overlay-type":"","overlay-color":"","overlay-opacity":"","overlay-gradient":""},"mobile":{"background-color":"","background-image":"","background-repeat":"repeat","background-position":"center center","background-size":"auto","background-attachment":"scroll","background-type":"","background-media":"","overlay-type":"","overlay-color":"","overlay-opacity":"","overlay-gradient":""}},"ast-content-background-meta":{"desktop":{"background-color":"var(--ast-global-color-4)","background-image":"","background-repeat":"repeat","background-position":"center center","background-size":"auto","background-attachment":"scroll","background-type":"","background-media":"","overlay-type":"","overlay-color":"","overlay-opacity":"","overlay-gradient":""},"tablet":{"background-color":"var(--ast-global-color-4)","background-image":"","background-repeat":"repeat","background-position":"center center","background-size":"auto","background-attachment":"scroll","background-type":"","background-media":"","overlay-type":"","overlay-color":"","overlay-opacity":"","overlay-gradient":""},"mobile":{"background-color":"var(--ast-global-color-4)","background-image":"","background-repeat":"repeat","background-position":"center center","background-size":"auto","background-attachment":"scroll","background-type":"","background-media":"","overlay-type":"","overlay-color":"","overlay-opacity":"","overlay-gradient":""}},"footnotes":""},"class_list":["post-18","page","type-page","status-publish","hentry"],"_links":{"self":[{"href":"https:\/\/www.cybersolucionescol.com\/en\/wp-json\/wp\/v2\/pages\/18","targetHints":{"allow":["GET"]}}],"collection":[{"href":"https:\/\/www.cybersolucionescol.com\/en\/wp-json\/wp\/v2\/pages"}],"about":[{"href":"https:\/\/www.cybersolucionescol.com\/en\/wp-json\/wp\/v2\/types\/page"}],"author":[{"embeddable":true,"href":"https:\/\/www.cybersolucionescol.com\/en\/wp-json\/wp\/v2\/users\/1"}],"replies":[{"embeddable":true,"href":"https:\/\/www.cybersolucionescol.com\/en\/wp-json\/wp\/v2\/comments?post=18"}],"version-history":[{"count":405,"href":"https:\/\/www.cybersolucionescol.com\/en\/wp-json\/wp\/v2\/pages\/18\/revisions"}],"predecessor-version":[{"id":1488,"href":"https:\/\/www.cybersolucionescol.com\/en\/wp-json\/wp\/v2\/pages\/18\/revisions\/1488"}],"wp:attachment":[{"href":"https:\/\/www.cybersolucionescol.com\/en\/wp-json\/wp\/v2\/media?parent=18"}],"curies":[{"name":"wp","href":"https:\/\/api.w.org\/{rel}","templated":true}]}}