{"id":58,"date":"2025-07-23T22:48:43","date_gmt":"2025-07-23T22:48:43","guid":{"rendered":"https:\/\/www.cybersolucionescol.com\/?page_id=58"},"modified":"2025-07-26T03:00:05","modified_gmt":"2025-07-26T03:00:05","slug":"politica-de-cookies","status":"publish","type":"page","link":"https:\/\/www.cybersolucionescol.com\/en\/politica-de-cookies\/","title":{"rendered":"politica-de-cookies"},"content":{"rendered":"<div data-elementor-type=\"wp-page\" data-elementor-id=\"58\" class=\"elementor elementor-58\">\n\t\t\t\t<div class=\"elementor-element elementor-element-984439c e-flex e-con-boxed e-con e-parent\" data-id=\"984439c\" data-element_type=\"container\" data-e-type=\"container\">\n\t\t\t\t\t<div class=\"e-con-inner\">\n\t\t\t\t<div class=\"elementor-element elementor-element-3ece7b0 elementor-widget elementor-widget-html\" data-id=\"3ece7b0\" data-element_type=\"widget\" data-e-type=\"widget\" data-widget_type=\"html.default\">\n\t\t\t\t\t<div class=\"hacker-cookies-bloque\">\r\n\r\n  <h1>Cookie policy<\/h1>\r\n\r\n  <p>This website uses cookies to improve the user experience. Below, we explain what cookies are, how we use them and how you can control them.<\/p>\r\n\r\n  <h2>What are cookies?<\/h2>\r\n  <p>Cookies are small text files that a web site stores on your web browser when you visit. They are used to remember your activity and preferences.<\/p>\r\n\r\n  <h2>What types of cookies do we use?<\/h2>\r\n  <ul>\r\n    <li><strong>Necessary Cookies:<\/strong> allow the basic operation of the site.<\/li>\r\n    <li><strong>Analytical Cookies:<\/strong> allow to analyze the use of the site and improve the content.<\/li>\r\n    <li><strong>We do not use cookies for advertising of third parties without consent.<\/strong><\/li>\r\n  <\/ul>\r\n\r\n  <h2>How can you manage them?<\/h2>\r\n  <p>You can accept, reject, or configure the cookies from your browser. You can also withdraw your consent at any time.<\/p>\r\n\r\n  <h2>Consent<\/h2>\r\n  <p>By continuing to browse our site, you agree to the use of cookies in accordance with this policy.<\/p>\r\n\r\n  <h2>Responsibility<\/h2>\r\n  <p><strong>Cyber Solutions Colombia<\/strong> is not responsible for the use that third parties make of the information collected by cookies of analysis or other means. Every interaction with our website is the responsibility of the user.<\/p>\r\n<\/div>\r\n\t\t\t\t<\/div>\n\t\t\t\t\t<\/div>\n\t\t\t\t<\/div>\n\t\t\t\t<\/div>","protected":false},"excerpt":{"rendered":"<p>Pol\u00edtica de Cookies Este sitio web utiliza cookies para mejorar la experiencia del usuario. A continuaci\u00f3n, explicamos qu\u00e9 son las [&hellip;]<\/p>\n","protected":false},"author":1,"featured_media":0,"parent":0,"menu_order":0,"comment_status":"closed","ping_status":"closed","template":"","meta":{"site-sidebar-layout":"no-sidebar","site-content-layout":"","ast-site-content-layout":"full-width-container","site-content-style":"default","site-sidebar-style":"default","ast-global-header-display":"","ast-banner-title-visibility":"","ast-main-header-display":"","ast-hfb-above-header-display":"","ast-hfb-below-header-display":"","ast-hfb-mobile-header-display":"","site-post-title":"disabled","ast-breadcrumbs-content":"","ast-featured-img":"disabled","footer-sml-layout":"","ast-disable-related-posts":"","theme-transparent-header-meta":"","adv-header-id-meta":"","stick-header-meta":"","header-above-stick-meta":"","header-main-stick-meta":"","header-below-stick-meta":"","astra-migrate-meta-layouts":"default","ast-page-background-enabled":"default","ast-page-background-meta":{"desktop":{"background-color":"var(--ast-global-color-5)","background-image":"","background-repeat":"repeat","background-position":"center center","background-size":"auto","background-attachment":"scroll","background-type":"","background-media":"","overlay-type":"","overlay-color":"","overlay-opacity":"","overlay-gradient":""},"tablet":{"background-color":"","background-image":"","background-repeat":"repeat","background-position":"center center","background-size":"auto","background-attachment":"scroll","background-type":"","background-media":"","overlay-type":"","overlay-color":"","overlay-opacity":"","overlay-gradient":""},"mobile":{"background-color":"","background-image":"","background-repeat":"repeat","background-position":"center center","background-size":"auto","background-attachment":"scroll","background-type":"","background-media":"","overlay-type":"","overlay-color":"","overlay-opacity":"","overlay-gradient":""}},"ast-content-background-meta":{"desktop":{"background-color":"var(--ast-global-color-4)","background-image":"","background-repeat":"repeat","background-position":"center center","background-size":"auto","background-attachment":"scroll","background-type":"","background-media":"","overlay-type":"","overlay-color":"","overlay-opacity":"","overlay-gradient":""},"tablet":{"background-color":"var(--ast-global-color-4)","background-image":"","background-repeat":"repeat","background-position":"center center","background-size":"auto","background-attachment":"scroll","background-type":"","background-media":"","overlay-type":"","overlay-color":"","overlay-opacity":"","overlay-gradient":""},"mobile":{"background-color":"var(--ast-global-color-4)","background-image":"","background-repeat":"repeat","background-position":"center center","background-size":"auto","background-attachment":"scroll","background-type":"","background-media":"","overlay-type":"","overlay-color":"","overlay-opacity":"","overlay-gradient":""}},"footnotes":""},"class_list":["post-58","page","type-page","status-publish","hentry"],"_links":{"self":[{"href":"https:\/\/www.cybersolucionescol.com\/en\/wp-json\/wp\/v2\/pages\/58","targetHints":{"allow":["GET"]}}],"collection":[{"href":"https:\/\/www.cybersolucionescol.com\/en\/wp-json\/wp\/v2\/pages"}],"about":[{"href":"https:\/\/www.cybersolucionescol.com\/en\/wp-json\/wp\/v2\/types\/page"}],"author":[{"embeddable":true,"href":"https:\/\/www.cybersolucionescol.com\/en\/wp-json\/wp\/v2\/users\/1"}],"replies":[{"embeddable":true,"href":"https:\/\/www.cybersolucionescol.com\/en\/wp-json\/wp\/v2\/comments?post=58"}],"version-history":[{"count":8,"href":"https:\/\/www.cybersolucionescol.com\/en\/wp-json\/wp\/v2\/pages\/58\/revisions"}],"predecessor-version":[{"id":585,"href":"https:\/\/www.cybersolucionescol.com\/en\/wp-json\/wp\/v2\/pages\/58\/revisions\/585"}],"wp:attachment":[{"href":"https:\/\/www.cybersolucionescol.com\/en\/wp-json\/wp\/v2\/media?parent=58"}],"curies":[{"name":"wp","href":"https:\/\/api.w.org\/{rel}","templated":true}]}}